{"id":1116,"date":"2014-10-23T10:00:07","date_gmt":"2014-10-23T08:00:07","guid":{"rendered":"http:\/\/nmsarbesbach.ac.at\/wordpress\/?page_id=1116"},"modified":"2024-10-11T17:02:08","modified_gmt":"2024-10-11T15:02:08","slug":"berufsorientierung","status":"publish","type":"page","link":"https:\/\/nmsarbesbach.ac.at\/wordpress\/berufsorientierung\/","title":{"rendered":"Berufsorientierung"},"content":{"rendered":"<p><img loading=\"lazy\" decoding=\"async\" class=\"alignright size-medium wp-image-7147\" src=\"http:\/\/nmsarbesbach.ac.at\/wordpress\/wp-content\/uploads\/2024\/09\/WhatsApp-Image-2024-09-21-at-11.02.45-1-300x225.jpeg\" alt=\"\" width=\"300\" height=\"225\" srcset=\"https:\/\/nmsarbesbach.ac.at\/wordpress\/wp-content\/uploads\/2024\/09\/WhatsApp-Image-2024-09-21-at-11.02.45-1-300x225.jpeg 300w, https:\/\/nmsarbesbach.ac.at\/wordpress\/wp-content\/uploads\/2024\/09\/WhatsApp-Image-2024-09-21-at-11.02.45-1-1024x768.jpeg 1024w, https:\/\/nmsarbesbach.ac.at\/wordpress\/wp-content\/uploads\/2024\/09\/WhatsApp-Image-2024-09-21-at-11.02.45-1-768x576.jpeg 768w, https:\/\/nmsarbesbach.ac.at\/wordpress\/wp-content\/uploads\/2024\/09\/WhatsApp-Image-2024-09-21-at-11.02.45-1-1536x1152.jpeg 1536w, https:\/\/nmsarbesbach.ac.at\/wordpress\/wp-content\/uploads\/2024\/09\/WhatsApp-Image-2024-09-21-at-11.02.45-1.jpeg 1600w\" sizes=\"auto, (max-width: 300px) 100vw, 300px\" \/>Berufsorientierung:<\/p>\n<p><strong>BO Koordinatorin<\/strong>: Michaela Tauber<br \/>\n<strong>Sch\u00fclerberaterin:<\/strong> Michaela Tauber<\/p>\n<p>Durch die Einf\u00fchrung des BO-Unterrichtes mit einer <strong>halten Wochenstunde in der dritten Klasse<\/strong> und einer <strong>ganzen Wochenstunde in der vierten Klasse<\/strong> haben wir uns als <strong>Ziel<\/strong> gesetzt, die Sch\u00fclerInnen bei Ihrer <strong>Berufswahl f\u00fcr das sp\u00e4tere Leben zu unterst\u00fctzen und zu begleiten<\/strong>.<br \/>\nDabei setzen wir uns intensiv mit den eigenen <strong>F\u00e4higkeiten, St\u00e4rken, Interessen\u00a0und Talenten<\/strong> auseinander (mit Hilfe der Stra\u00dfe der F\u00e4higkeiten, St\u00e4rkenbl\u00e4tter, Computertests, etc.).<br \/>\nAu\u00dferdem lernen wir die verschiedenen <strong>Berufsfelder<\/strong> und die <strong>Angebote\/Anforderungen der weiterf\u00fchrenden Schulen<\/strong> kennen. (Exkursionen in Firmen, Nacht der Schulen,&#8230;.)<br \/>\nEin weiterer Schwerpunkt ist die <strong>Beschaffung wichtiger Informationen<\/strong> \u00fcber Ausbildungsm\u00f6glichkeiten, Lehrstellensuche, Arbeitsrecht, H\u00f6he der Lehrlingsentsch\u00e4digung, Aufstiegsm\u00f6glichkeiten, etc. kennen. <strong>Besuche<\/strong> im WIFI und im AMS unterst\u00fctzen uns dabei.<\/p>\n<p>Unsere Schule bietet dazu eine <strong>Vielfalt von Angeboten<\/strong> f\u00fcr\u00a0die Eltern und\u00a0Sch\u00fclerInnen um Ihnen die bestm\u00f6gliche Unterst\u00fctzung im Berufsorientierungsprozess zu geben:<br \/>\n&#8211; Projekt: Stra\u00dfe der F\u00e4higkeiten<br \/>\n&#8211; Messe: Zukunft.Arbeit.Leben<br \/>\n&#8211; Waldviertler Jobmesse<br \/>\n&#8211; Informationsabend: Nacht der Schulen<br \/>\n&#8211; Lehre-Respekt: Vorstellen der Homepage \u00fcber die Berufs- und Ausbildungsm\u00f6glichkeiten<br \/>\n&#8211; Realbegegnungen: Lagerhaus Zwettl, Herz Kreislauf Zentrum, B\u00e4ckerei Huber, Sozialeinrichtungen,&#8230;<br \/>\n&#8211; individuelles Schnuppern<br \/>\n&#8211; Tourismusworkshop: Get a Job<br \/>\n&#8211; Begabungskompass<br \/>\n&#8211; Boys Day<br \/>\n&#8211; Girls Day<br \/>\n&#8211; Bewerbungstraining<br \/>\n&#8211; St\u00e4rkenportfolio<\/p>\n<p><img loading=\"lazy\" decoding=\"async\" class=\"alignright size-medium wp-image-7156\" src=\"http:\/\/nmsarbesbach.ac.at\/wordpress\/wp-content\/uploads\/2024\/10\/WhatsApp-Image-2024-10-02-at-07.10.47-225x300.jpeg\" alt=\"\" width=\"225\" height=\"300\" srcset=\"https:\/\/nmsarbesbach.ac.at\/wordpress\/wp-content\/uploads\/2024\/10\/WhatsApp-Image-2024-10-02-at-07.10.47-225x300.jpeg 225w, https:\/\/nmsarbesbach.ac.at\/wordpress\/wp-content\/uploads\/2024\/10\/WhatsApp-Image-2024-10-02-at-07.10.47-768x1024.jpeg 768w, https:\/\/nmsarbesbach.ac.at\/wordpress\/wp-content\/uploads\/2024\/10\/WhatsApp-Image-2024-10-02-at-07.10.47-1152x1536.jpeg 1152w, https:\/\/nmsarbesbach.ac.at\/wordpress\/wp-content\/uploads\/2024\/10\/WhatsApp-Image-2024-10-02-at-07.10.47.jpeg 1200w\" sizes=\"auto, (max-width: 225px) 100vw, 225px\" \/><\/p>\n<p><strong>SCHNUPPERN ab der 8. Schulstufe<\/strong><\/p>\n<p><strong>\u00a0<\/strong><\/p>\n<p><strong>Individuelle Berufsorientierung<\/strong><\/p>\n<p>Die individuellen Berufsorientierung erm\u00f6glicht es einzelnen Sch\u00fcler*innen der 4. Klasse MS\/AHS, der 8. und 9. Klasse der Sonderschule, der Polytechnischen Schule, aber\u00a0<strong>auch von weiterf\u00fchrenden Schulen<\/strong>\u00a0zum Zwecke der individuellen Berufsorientierung an bis zu 5 Tagen unterrichtsfrei zu geben.<\/p>\n<p>Die Initiative f\u00fcr die individuelle BO muss vom*von der Sch\u00fcler*in bzw. von den Eltern ausgehen.<\/p>\n<p>Die FORMULARE m\u00fcssen vollst\u00e4ndig (!) ausgef\u00fcllt sein und beim Klassenvorstand abgegeben werden. Die Erlaubnis ist vom Klassenvorstand, nach einer Interessensabw\u00e4gung von schulischem Fortkommen und beruflicher Orientierung, zu erteilen.<\/p>\n<p>Die 5 gesetzlich erlaubten Schnuppertage im Rahmen der individuellen Berufsorientierung k\u00f6nnen tageweise oder gesamt in Anspruch genommen werden.<\/p>\n<p>Bei einer Schulbesichtigung ist ebenfalls der Zettel auszuf\u00fcllen und z\u00e4hlt zu den 5 Tagen.<br \/>\nBei Firma wird die zu besichtigende Schule angegeben. Verantwortlicher laut Firma: keine Angabe.<\/p>\n<p>&nbsp;<\/p>\n<p><strong>Schnuppern au\u00dferhalb der Unterrichtszeit<\/strong><\/p>\n<p>F\u00fcr die oben genannten Altersgruppen ist au\u00dferdem eine Absolvierung der individuellen Berufsorientierung\u00a0<strong>au\u00dferhalb der Unterrichtszeit<\/strong>\u00a0(in den Ferien) im Ausma\u00df von\u00a0<strong>h\u00f6chstens 15 Tagen<\/strong>\u00a0pro Betrieb und Kalenderjahr m\u00f6glich (laut ASVG \u00a7 175).<\/p>\n<p>Voraussetzung daf\u00fcr sind auch hier die Zustimmung des\/der Erziehungsberechtigten und eine Best\u00e4tigung durch die Aufsichtsperson.<\/p>\n<p>&nbsp;<\/p>\n<p><img loading=\"lazy\" decoding=\"async\" class=\"alignright size-medium wp-image-7251\" src=\"http:\/\/nmsarbesbach.ac.at\/wordpress\/wp-content\/uploads\/2024\/10\/WhatsApp-Bild-2024-10-11-um-16.46.28_c2bf961a-300x225.jpg\" alt=\"\" width=\"300\" height=\"225\" srcset=\"https:\/\/nmsarbesbach.ac.at\/wordpress\/wp-content\/uploads\/2024\/10\/WhatsApp-Bild-2024-10-11-um-16.46.28_c2bf961a-300x225.jpg 300w, https:\/\/nmsarbesbach.ac.at\/wordpress\/wp-content\/uploads\/2024\/10\/WhatsApp-Bild-2024-10-11-um-16.46.28_c2bf961a-1024x768.jpg 1024w, https:\/\/nmsarbesbach.ac.at\/wordpress\/wp-content\/uploads\/2024\/10\/WhatsApp-Bild-2024-10-11-um-16.46.28_c2bf961a-768x576.jpg 768w, https:\/\/nmsarbesbach.ac.at\/wordpress\/wp-content\/uploads\/2024\/10\/WhatsApp-Bild-2024-10-11-um-16.46.28_c2bf961a-1536x1152.jpg 1536w, https:\/\/nmsarbesbach.ac.at\/wordpress\/wp-content\/uploads\/2024\/10\/WhatsApp-Bild-2024-10-11-um-16.46.28_c2bf961a.jpg 1600w\" sizes=\"auto, (max-width: 300px) 100vw, 300px\" \/> <img loading=\"lazy\" decoding=\"async\" class=\"alignright size-medium wp-image-7185\" src=\"http:\/\/nmsarbesbach.ac.at\/wordpress\/wp-content\/uploads\/2024\/10\/WhatsApp-Image-2024-10-08-at-11.11.20-225x300.jpeg\" alt=\"\" width=\"225\" height=\"300\" srcset=\"https:\/\/nmsarbesbach.ac.at\/wordpress\/wp-content\/uploads\/2024\/10\/WhatsApp-Image-2024-10-08-at-11.11.20-225x300.jpeg 225w, https:\/\/nmsarbesbach.ac.at\/wordpress\/wp-content\/uploads\/2024\/10\/WhatsApp-Image-2024-10-08-at-11.11.20-768x1024.jpeg 768w, https:\/\/nmsarbesbach.ac.at\/wordpress\/wp-content\/uploads\/2024\/10\/WhatsApp-Image-2024-10-08-at-11.11.20-1152x1536.jpeg 1152w, https:\/\/nmsarbesbach.ac.at\/wordpress\/wp-content\/uploads\/2024\/10\/WhatsApp-Image-2024-10-08-at-11.11.20.jpeg 1536w\" sizes=\"auto, (max-width: 225px) 100vw, 225px\" \/><\/p>\n<p>&nbsp;<\/p>\n<p>&nbsp;<\/p>\n<p>&nbsp;<\/p>\n<p>&nbsp;<\/p>\n<p>&nbsp;<\/p>\n<p>&nbsp;<\/p>\n<h2><\/h2>\n<h2><\/h2>\n<h2><\/h2>\n<h2><\/h2>\n<h2><\/h2>\n<p>&nbsp;<\/p>\n<p>&nbsp;<\/p>\n","protected":false},"excerpt":{"rendered":"<p>Berufsorientierung: BO Koordinatorin: Michaela Tauber Sch\u00fclerberaterin: Michaela Tauber Durch die Einf\u00fchrung des BO-Unterrichtes mit einer halten Wochenstunde in der dritten Klasse und einer ganzen Wochenstunde in der vierten Klasse haben wir uns als Ziel gesetzt, die Sch\u00fclerInnen bei Ihrer Berufswahl f\u00fcr das sp\u00e4tere Leben zu unterst\u00fctzen und zu begleiten. Dabei setzen wir uns intensiv mit [&hellip;]<\/p>\n","protected":false},"author":23,"featured_media":0,"parent":0,"menu_order":0,"comment_status":"closed","ping_status":"closed","template":"","meta":{"footnotes":""},"class_list":["post-1116","page","type-page","status-publish","hentry"],"_links":{"self":[{"href":"https:\/\/nmsarbesbach.ac.at\/wordpress\/wp-json\/wp\/v2\/pages\/1116","targetHints":{"allow":["GET"]}}],"collection":[{"href":"https:\/\/nmsarbesbach.ac.at\/wordpress\/wp-json\/wp\/v2\/pages"}],"about":[{"href":"https:\/\/nmsarbesbach.ac.at\/wordpress\/wp-json\/wp\/v2\/types\/page"}],"author":[{"embeddable":true,"href":"https:\/\/nmsarbesbach.ac.at\/wordpress\/wp-json\/wp\/v2\/users\/23"}],"replies":[{"embeddable":true,"href":"https:\/\/nmsarbesbach.ac.at\/wordpress\/wp-json\/wp\/v2\/comments?post=1116"}],"version-history":[{"count":57,"href":"https:\/\/nmsarbesbach.ac.at\/wordpress\/wp-json\/wp\/v2\/pages\/1116\/revisions"}],"predecessor-version":[{"id":7255,"href":"https:\/\/nmsarbesbach.ac.at\/wordpress\/wp-json\/wp\/v2\/pages\/1116\/revisions\/7255"}],"wp:attachment":[{"href":"https:\/\/nmsarbesbach.ac.at\/wordpress\/wp-json\/wp\/v2\/media?parent=1116"}],"curies":[{"name":"wp","href":"https:\/\/api.w.org\/{rel}","templated":true}]}}