{"id":140,"date":"2013-09-16T11:44:53","date_gmt":"2013-09-16T09:44:53","guid":{"rendered":"http:\/\/nmsarbesbach.ac.at\/wordpress\/?page_id=140"},"modified":"2025-10-19T19:28:59","modified_gmt":"2025-10-19T17:28:59","slug":"gesunde-schule","status":"publish","type":"page","link":"https:\/\/nmsarbesbach.ac.at\/wordpress\/gesunde-schule\/","title":{"rendered":"Gesunde Schule"},"content":{"rendered":"<h1><strong>Gesunde Schule<\/strong><\/h1>\n<p>Seit dem Schuljahr 2011\/12 sind wir <strong>Gesunde Schule<\/strong>, das hei\u00dft, wir versuchen, einen gesundheitsf\u00f6rdernden Handlungs-, Begegnungs- und Bewegungsraum f\u00fcr alle Beteiligten zu schaffen.<\/p>\n<h2>Bewegungsangebot in den Pausen<\/h2>\n<p>X-Sliders, Racecars, Tischtennis, Wuzzler, Billiard, Boxsack, Stelzen, Diabolos, Soft- und Jonglierb\u00e4lle&#8230;<br \/>\nUnsere neueste Erwerbung sind zwei Waveboards.<\/p>\n<p>Besonders beliebt bei den Sch\u00fclerinnen und Sch\u00fclern sind die Tischtennistische.<\/p>\n<p><img loading=\"lazy\" decoding=\"async\" class=\"alignnone size-medium wp-image-7128\" src=\"http:\/\/nmsarbesbach.ac.at\/wordpress\/wp-content\/uploads\/2024\/09\/k-20240912_113220-300x225.jpg\" alt=\"\" width=\"300\" height=\"225\" srcset=\"https:\/\/nmsarbesbach.ac.at\/wordpress\/wp-content\/uploads\/2024\/09\/k-20240912_113220-300x225.jpg 300w, https:\/\/nmsarbesbach.ac.at\/wordpress\/wp-content\/uploads\/2024\/09\/k-20240912_113220-1024x768.jpg 1024w, https:\/\/nmsarbesbach.ac.at\/wordpress\/wp-content\/uploads\/2024\/09\/k-20240912_113220-768x576.jpg 768w, https:\/\/nmsarbesbach.ac.at\/wordpress\/wp-content\/uploads\/2024\/09\/k-20240912_113220-1536x1152.jpg 1536w, https:\/\/nmsarbesbach.ac.at\/wordpress\/wp-content\/uploads\/2024\/09\/k-20240912_113220-2048x1536.jpg 2048w\" sizes=\"auto, (max-width: 300px) 100vw, 300px\" \/><img loading=\"lazy\" decoding=\"async\" class=\"alignnone size-medium wp-image-7624\" src=\"http:\/\/nmsarbesbach.ac.at\/wordpress\/wp-content\/uploads\/2025\/10\/k-20250924_073552-300x139.jpg\" alt=\"\" width=\"300\" height=\"139\" srcset=\"https:\/\/nmsarbesbach.ac.at\/wordpress\/wp-content\/uploads\/2025\/10\/k-20250924_073552-300x139.jpg 300w, https:\/\/nmsarbesbach.ac.at\/wordpress\/wp-content\/uploads\/2025\/10\/k-20250924_073552-1024x473.jpg 1024w, https:\/\/nmsarbesbach.ac.at\/wordpress\/wp-content\/uploads\/2025\/10\/k-20250924_073552-768x355.jpg 768w, https:\/\/nmsarbesbach.ac.at\/wordpress\/wp-content\/uploads\/2025\/10\/k-20250924_073552-1536x709.jpg 1536w, https:\/\/nmsarbesbach.ac.at\/wordpress\/wp-content\/uploads\/2025\/10\/k-20250924_073552-2048x946.jpg 2048w\" sizes=\"auto, (max-width: 300px) 100vw, 300px\" \/><img loading=\"lazy\" decoding=\"async\" class=\"alignnone size-medium wp-image-7625\" src=\"http:\/\/nmsarbesbach.ac.at\/wordpress\/wp-content\/uploads\/2025\/10\/k-20250924_073859-300x139.jpg\" alt=\"\" width=\"300\" height=\"139\" srcset=\"https:\/\/nmsarbesbach.ac.at\/wordpress\/wp-content\/uploads\/2025\/10\/k-20250924_073859-300x139.jpg 300w, https:\/\/nmsarbesbach.ac.at\/wordpress\/wp-content\/uploads\/2025\/10\/k-20250924_073859-1024x473.jpg 1024w, https:\/\/nmsarbesbach.ac.at\/wordpress\/wp-content\/uploads\/2025\/10\/k-20250924_073859-768x355.jpg 768w, https:\/\/nmsarbesbach.ac.at\/wordpress\/wp-content\/uploads\/2025\/10\/k-20250924_073859-1536x709.jpg 1536w, https:\/\/nmsarbesbach.ac.at\/wordpress\/wp-content\/uploads\/2025\/10\/k-20250924_073859-2048x946.jpg 2048w\" sizes=\"auto, (max-width: 300px) 100vw, 300px\" \/><\/p>\n<p><img loading=\"lazy\" decoding=\"async\" class=\"alignnone size-medium wp-image-7133\" src=\"http:\/\/nmsarbesbach.ac.at\/wordpress\/wp-content\/uploads\/2024\/09\/k-20240912_103810-225x300.jpg\" alt=\"\" width=\"225\" height=\"300\" srcset=\"https:\/\/nmsarbesbach.ac.at\/wordpress\/wp-content\/uploads\/2024\/09\/k-20240912_103810-225x300.jpg 225w, https:\/\/nmsarbesbach.ac.at\/wordpress\/wp-content\/uploads\/2024\/09\/k-20240912_103810-768x1024.jpg 768w, https:\/\/nmsarbesbach.ac.at\/wordpress\/wp-content\/uploads\/2024\/09\/k-20240912_103810-1152x1536.jpg 1152w, https:\/\/nmsarbesbach.ac.at\/wordpress\/wp-content\/uploads\/2024\/09\/k-20240912_103810-1536x2048.jpg 1536w, https:\/\/nmsarbesbach.ac.at\/wordpress\/wp-content\/uploads\/2024\/09\/k-20240912_103810-rotated.jpg 1728w\" sizes=\"auto, (max-width: 225px) 100vw, 225px\" \/><img loading=\"lazy\" decoding=\"async\" class=\"alignnone size-medium wp-image-7132\" src=\"http:\/\/nmsarbesbach.ac.at\/wordpress\/wp-content\/uploads\/2024\/09\/k-20240912_103807-225x300.jpg\" alt=\"\" width=\"225\" height=\"300\" srcset=\"https:\/\/nmsarbesbach.ac.at\/wordpress\/wp-content\/uploads\/2024\/09\/k-20240912_103807-225x300.jpg 225w, https:\/\/nmsarbesbach.ac.at\/wordpress\/wp-content\/uploads\/2024\/09\/k-20240912_103807-768x1024.jpg 768w, https:\/\/nmsarbesbach.ac.at\/wordpress\/wp-content\/uploads\/2024\/09\/k-20240912_103807-1152x1536.jpg 1152w, https:\/\/nmsarbesbach.ac.at\/wordpress\/wp-content\/uploads\/2024\/09\/k-20240912_103807-1536x2048.jpg 1536w, https:\/\/nmsarbesbach.ac.at\/wordpress\/wp-content\/uploads\/2024\/09\/k-20240912_103807-rotated.jpg 1728w\" sizes=\"auto, (max-width: 225px) 100vw, 225px\" \/><img loading=\"lazy\" decoding=\"async\" class=\"alignnone size-medium wp-image-7626\" src=\"http:\/\/nmsarbesbach.ac.at\/wordpress\/wp-content\/uploads\/2025\/10\/k-20250924_073516-139x300.jpg\" alt=\"\" width=\"139\" height=\"300\" srcset=\"https:\/\/nmsarbesbach.ac.at\/wordpress\/wp-content\/uploads\/2025\/10\/k-20250924_073516-139x300.jpg 139w, https:\/\/nmsarbesbach.ac.at\/wordpress\/wp-content\/uploads\/2025\/10\/k-20250924_073516-473x1024.jpg 473w, https:\/\/nmsarbesbach.ac.at\/wordpress\/wp-content\/uploads\/2025\/10\/k-20250924_073516-768x1663.jpg 768w, https:\/\/nmsarbesbach.ac.at\/wordpress\/wp-content\/uploads\/2025\/10\/k-20250924_073516-709x1536.jpg 709w, https:\/\/nmsarbesbach.ac.at\/wordpress\/wp-content\/uploads\/2025\/10\/k-20250924_073516-946x2048.jpg 946w, https:\/\/nmsarbesbach.ac.at\/wordpress\/wp-content\/uploads\/2025\/10\/k-20250924_073516-rotated.jpg 1064w\" sizes=\"auto, (max-width: 139px) 100vw, 139px\" \/><\/p>\n<h2>Bewegung und Sport im Unterricht:<\/h2>\n<p>1. Klasse: 4 Wochenstunden, davon 1 Einheit Schwimmen geblockt<br \/>\n2. Klasse: 3 Wochenstunden<br \/>\n3. Klasse: 3 Wochenstunden<br \/>\n4. Klasse: 3 Wochenstunden<\/p>\n<p>&nbsp;<\/p>\n<h2>Projektwochen:<\/h2>\n<p>1. Klasse: bewegungsorientierte Projektwoche<br \/>\n2. Klasse: Wintersportwoche<br \/>\n3. Klasse: Wintersportwoche<br \/>\n4. Klasse: Wienwoche, Intensivsprachwoche oder Nativespeaker an der Schule, eventuell Abschlusstage<\/p>\n<p>&nbsp;<\/p>\n<h2>Besondere Angebote im Sportunterricht:<\/h2>\n<ul>\n<li>IBS (<strong>I<\/strong>nteressens- und <strong>B<\/strong>egabten<strong>s<\/strong>port): z.B.: Biathlon, Langlauf Skating, Schul- und Familienskitag, Hochseilklettergarten, Bogenschie\u00dfen, Mountainbiketour,&#8230;<\/li>\n<\/ul>\n<ul>\n<li>Teilnahme an Sportwettk\u00e4mpfen (Lidl Schullauf, N\u00d6 Laufolympiade, Sch\u00fclerliga Fu\u00dfball f\u00fcr M\u00e4dchen, Ski-Bezirksmeisterschaften,&#8230;)<\/li>\n<li>Im Winter: Skitage, Eislauftage, Rodeln im Turnunterricht, Winterspazierg\u00e4nge,&#8230;<\/li>\n<\/ul>\n<h2><\/h2>\n<h2><strong>Gesunde Jause in der gro\u00dfen Pause<\/strong><\/h2>\n<p>Seit Oktober 2014 kommt der Juniorchef unserer ortsans\u00e4ssigen B\u00e4ckerei, Herr Clemens Huber, ein Absolvent unserer Schule, 1x pro Woche zu uns und bietet kleine Vollkornweckerl, frisch zubereitete Aufstriche, mundgerechte Obst-und Gem\u00fcsest\u00fcckchen,&#8230; zum Verkauf an. Auf Wunsch der Sch\u00fclerInnen werden die Vollkornweckerl bestrichen, ansonsten k\u00f6nnen sie einfach so verzehrt werden.<\/p>\n<h2><\/h2>\n<h2><strong>Sch\u00fclerparlament<\/strong><\/h2>\n<p>Seit dem Schuljahr 2018\/19 gibt es bei uns an der Schule ein Sch\u00fclerparlament. Dieses setzt sich zusammen aus den Klassensprechern und ihren Stellvertretern, einem Lehrervertreter und dem Leiter der Schule. Zirka alle zwei Monate gibt es ein Treffen, dabei haben die Klassenvertreter die M\u00f6glichkeit, sich f\u00fcr Positives zu bedanken, Anregungen zu geben und W\u00fcnsche zu \u00e4u\u00dfern.<\/p>\n<p>&nbsp;<\/p>\n<p>&nbsp;<\/p>\n<p>&nbsp;<\/p>\n<p>&nbsp;<\/p>\n<p>&nbsp;<\/p>\n<p>&nbsp;<\/p>\n<p>&nbsp;<\/p>\n<p>&nbsp;<\/p>\n","protected":false},"excerpt":{"rendered":"<p>Gesunde Schule Seit dem Schuljahr 2011\/12 sind wir Gesunde Schule, das hei\u00dft, wir versuchen, einen gesundheitsf\u00f6rdernden Handlungs-, Begegnungs- und Bewegungsraum f\u00fcr alle Beteiligten zu schaffen. Bewegungsangebot in den Pausen X-Sliders, Racecars, Tischtennis, Wuzzler, Billiard, Boxsack, Stelzen, Diabolos, Soft- und Jonglierb\u00e4lle&#8230; Unsere neueste Erwerbung sind zwei Waveboards. Besonders beliebt bei den Sch\u00fclerinnen und Sch\u00fclern sind die [&hellip;]<\/p>\n","protected":false},"author":23,"featured_media":0,"parent":0,"menu_order":0,"comment_status":"closed","ping_status":"closed","template":"","meta":{"footnotes":""},"class_list":["post-140","page","type-page","status-publish","hentry"],"_links":{"self":[{"href":"https:\/\/nmsarbesbach.ac.at\/wordpress\/wp-json\/wp\/v2\/pages\/140","targetHints":{"allow":["GET"]}}],"collection":[{"href":"https:\/\/nmsarbesbach.ac.at\/wordpress\/wp-json\/wp\/v2\/pages"}],"about":[{"href":"https:\/\/nmsarbesbach.ac.at\/wordpress\/wp-json\/wp\/v2\/types\/page"}],"author":[{"embeddable":true,"href":"https:\/\/nmsarbesbach.ac.at\/wordpress\/wp-json\/wp\/v2\/users\/23"}],"replies":[{"embeddable":true,"href":"https:\/\/nmsarbesbach.ac.at\/wordpress\/wp-json\/wp\/v2\/comments?post=140"}],"version-history":[{"count":106,"href":"https:\/\/nmsarbesbach.ac.at\/wordpress\/wp-json\/wp\/v2\/pages\/140\/revisions"}],"predecessor-version":[{"id":7629,"href":"https:\/\/nmsarbesbach.ac.at\/wordpress\/wp-json\/wp\/v2\/pages\/140\/revisions\/7629"}],"wp:attachment":[{"href":"https:\/\/nmsarbesbach.ac.at\/wordpress\/wp-json\/wp\/v2\/media?parent=140"}],"curies":[{"name":"wp","href":"https:\/\/api.w.org\/{rel}","templated":true}]}}