{"id":2050,"date":"2015-10-07T07:53:57","date_gmt":"2015-10-07T05:53:57","guid":{"rendered":"http:\/\/nmsarbesbach.ac.at\/wordpress\/?page_id=2050"},"modified":"2023-11-05T16:38:46","modified_gmt":"2023-11-05T14:38:46","slug":"leistungen","status":"publish","type":"page","link":"https:\/\/nmsarbesbach.ac.at\/wordpress\/schule\/elternverein\/leistungen\/","title":{"rendered":"Leistungen"},"content":{"rendered":"<p style=\"text-align: justify;\">Die Unterst\u00fctzungen des Elternvereins (EV) finden einerseits in Form von pers\u00f6nlicher Hilfe durch die Mitglieder und andererseits durch finanzielle Unterst\u00fctzungen statt. Finanziert wird der EV durch einen j\u00e4hrlichen Beitrag von 10.-\/Kind (bei mehreren schulpflichtigen Kindern zahlt nur ein\u00a0Kind den Beitrag). Ziel ist\u00a0es, m\u00f6glichst allen Kindern aus Volks- und Mittelschule F\u00f6rderungen zukommen zu lassen.<\/p>\n<p>Zus\u00e4tzlich zur Organisation der Getr\u00e4nke bei der Fakelwanderung, des Buffets beim Kabarett Kammerhofer und beim Schulschlussfest der Volksschule hat der Elternverein die Volksschule und die MS immer wieder auch finanziell unterst\u00fctzt.<\/p>\n<p><strong>Im Schuljahr 2023\/23 unterst\u00fctzte der Elternverein die Kinder unserer Schulen mit mehr als 3000.- Euro!<\/strong><\/p>\n<p>Auszug aus den geleisteten F\u00f6rderungen f\u00fcr VS und MS im<strong> Schuljahr 2022\/2023<\/strong><\/p>\n<ul>\n<li>Unterst\u00fctzung Freifach Informatik <em>in der 4. Klasse Volksschule<\/em><\/li>\n<li>25 L\u00dcK K\u00e4sten<\/li>\n<li>Schubi Lernmittel<\/li>\n<li>Unterst\u00fctzung Schikurs MS Arbesbach<\/li>\n<li>Bus f\u00fcr Wandertag der <em>MS Arbesbach<\/em><\/li>\n<\/ul>\n<hr \/>\n<p>Auszug aus den geleisteten F\u00f6rderungen f\u00fcr VS und MS im<strong> Schuljahr 2020\/2021<\/strong><\/p>\n<ul>\n<li>Don&#8217;t panic! Mathematik 1 &#8211; 3 Basis <em>(MS Arbesbach)<\/em><\/li>\n<li>&#8222;Lernen im Netz&#8220; &#8211; gesamt 39 Hefte, aufgeteilt auf VS Arbesbach, VS Altmelon und MS Arbesbach<\/li>\n<li>Geo-Profi 1 &#8211; 4 (MS Arbesbach)<\/li>\n<li>Geo-Profi 1, Spielebox, Memo-Verlag (MS Arbesbach)<\/li>\n<li>JBL Xtreme 2 Lautsprecher (MS Arbesbach)<\/li>\n<li>6 Spikeball-Sets (MS Arbesbach)<\/li>\n<li>Boomwhackers-Set &#8222;Basic School Set&#8220;<\/li>\n<li>13 B\u00fccher &#8222;Das magische Baumhaus&#8220;<\/li>\n<li>Mathematik-Lernmaterial (Sch\u00fcttelboxen f\u00fcr 1. Klasse, Magnet-Dezimalsatz f\u00fcr ZR 1000)<\/li>\n<li>Geometrie-Spiegel, 20 St\u00fcck<\/li>\n<li>Logico Piccolo-Lernger\u00e4t, 10 St\u00fcck<\/li>\n<li>CD &#8222;Sonnenklar 1&#8220; (Audio Englisch-SU)<\/li>\n<\/ul>\n<hr \/>\n<p>Auszug aus den geleisteten F\u00f6rderungen f\u00fcr VS und NMS im<strong> Schuljahr 2017\/2018<\/strong><\/p>\n<ul>\n<li>Duftmaschine\u00a0<em>(3. Klasse NMS Arbesbach)<\/em><\/li>\n<li>Klingender Stab\u00a0<em>(VS Altmelon)<\/em><\/li>\n<li>20 Paar Langlaufskier mit St\u00f6cken, 30 Paar Langlaufschuhe <em>(VS Arbesbach, VS Altmelon)<\/em><\/li>\n<li>Laptop f\u00fcr Smartboardeinsatz <em>(NMS Arbesbach)<\/em><\/li>\n<li>Unterst\u00fctzung Begleitlehrer f\u00fcr Wintersportwoche in Altenmarkt <em>(NMS Arbesbach)<\/em><\/li>\n<li>Unterst\u00fctzung Projekt Teenstar (<em>VS Arbesbach<\/em>)<\/li>\n<li>Unterst\u00fctzung Abschlussfahrt 4. Klasse (<em>NMS Arbesbach<\/em>)<\/li>\n<\/ul>\n<hr \/>\n<p>Auszug aus den geleisteten F\u00f6rderungen f\u00fcr VS und NMS im<strong> Schuljahr 2016\/2017<\/strong><\/p>\n<ul>\n<li>Unterst\u00fctzung Busfahrt zum Volleyballmatch in Zwettl <em>(NMS Arbesbach)<\/em><\/li>\n<li>Unterst\u00fctzung Wintersportwoche <em>(NMS Arbesbach)<\/em><\/li>\n<li>Unterst\u00fctzung Projekt Teenstar <em>(VS Arbesbach)<\/em><\/li>\n<li>Anschaffung einer E-Gitarre inkl. Kabel + Tasche <em>(NMS Arbesbach)<\/em><\/li>\n<li>B\u00fccher <em>(VS Altmelon)<\/em><\/li>\n<\/ul>\n<p>&nbsp;<\/p>\n","protected":false},"excerpt":{"rendered":"<p>Die Unterst\u00fctzungen des Elternvereins (EV) finden einerseits in Form von pers\u00f6nlicher Hilfe durch die Mitglieder und andererseits durch finanzielle Unterst\u00fctzungen statt. Finanziert wird der EV durch einen j\u00e4hrlichen Beitrag von 10.-\/Kind (bei mehreren schulpflichtigen Kindern zahlt nur ein\u00a0Kind den Beitrag). Ziel ist\u00a0es, m\u00f6glichst allen Kindern aus Volks- und Mittelschule F\u00f6rderungen zukommen zu lassen. Zus\u00e4tzlich zur [&hellip;]<\/p>\n","protected":false},"author":23,"featured_media":0,"parent":66,"menu_order":0,"comment_status":"closed","ping_status":"closed","template":"","meta":{"footnotes":""},"class_list":["post-2050","page","type-page","status-publish","hentry"],"_links":{"self":[{"href":"https:\/\/nmsarbesbach.ac.at\/wordpress\/wp-json\/wp\/v2\/pages\/2050","targetHints":{"allow":["GET"]}}],"collection":[{"href":"https:\/\/nmsarbesbach.ac.at\/wordpress\/wp-json\/wp\/v2\/pages"}],"about":[{"href":"https:\/\/nmsarbesbach.ac.at\/wordpress\/wp-json\/wp\/v2\/types\/page"}],"author":[{"embeddable":true,"href":"https:\/\/nmsarbesbach.ac.at\/wordpress\/wp-json\/wp\/v2\/users\/23"}],"replies":[{"embeddable":true,"href":"https:\/\/nmsarbesbach.ac.at\/wordpress\/wp-json\/wp\/v2\/comments?post=2050"}],"version-history":[{"count":32,"href":"https:\/\/nmsarbesbach.ac.at\/wordpress\/wp-json\/wp\/v2\/pages\/2050\/revisions"}],"predecessor-version":[{"id":6877,"href":"https:\/\/nmsarbesbach.ac.at\/wordpress\/wp-json\/wp\/v2\/pages\/2050\/revisions\/6877"}],"up":[{"embeddable":true,"href":"https:\/\/nmsarbesbach.ac.at\/wordpress\/wp-json\/wp\/v2\/pages\/66"}],"wp:attachment":[{"href":"https:\/\/nmsarbesbach.ac.at\/wordpress\/wp-json\/wp\/v2\/media?parent=2050"}],"curies":[{"name":"wp","href":"https:\/\/api.w.org\/{rel}","templated":true}]}}