{"id":2084,"date":"2015-10-11T20:21:55","date_gmt":"2015-10-11T18:21:55","guid":{"rendered":"http:\/\/nmsarbesbach.ac.at\/wordpress\/?page_id=2084"},"modified":"2025-04-21T20:52:09","modified_gmt":"2025-04-21T18:52:09","slug":"vorstand","status":"publish","type":"page","link":"https:\/\/nmsarbesbach.ac.at\/wordpress\/schule\/elternverein\/vorstand\/","title":{"rendered":"Vorstand"},"content":{"rendered":"<p><img loading=\"lazy\" decoding=\"async\" class=\"wp-image-6390 size-full alignnone\" src=\"http:\/\/nmsarbesbach.ac.at\/wordpress\/wp-content\/uploads\/2022\/10\/Vorstand2022-1.jpg\" alt=\"\" width=\"640\" height=\"480\" srcset=\"https:\/\/nmsarbesbach.ac.at\/wordpress\/wp-content\/uploads\/2022\/10\/Vorstand2022-1.jpg 640w, https:\/\/nmsarbesbach.ac.at\/wordpress\/wp-content\/uploads\/2022\/10\/Vorstand2022-1-300x225.jpg 300w\" sizes=\"auto, (max-width: 640px) 100vw, 640px\" \/><\/p>\n<p><strong>Obfr<\/strong><strong>au:<\/strong> Katrina HINTERNDORFER<\/p>\n<p><strong>Obfrau Stv.:<\/strong> Johanna AUER<\/p>\n<p><strong>Kassier:<\/strong> Andrea RAMETSTEINER<\/p>\n<p><strong>Kassier Stv.:<\/strong> Michaela Pfeiffer<\/p>\n<p><strong>Kassapr\u00fcfer 1:<\/strong> Regina ANDERST<\/p>\n<p><strong>Kassapr\u00fcfer 2:<\/strong> Raphaela STEMMER<\/p>\n<p><strong>Schriftf\u00fchrer:<\/strong> Manuela LECHNER<\/p>\n<p><strong>Schriftf\u00fchrer Stv.:<\/strong> Katharina HASLINGER<\/p>\n<p>&nbsp;<\/p>\n<hr \/>\n<p><strong>Elternvertreter\/innen und Elternstellvertreter\/innen der einzelnen Klassen im Schuljahr 2024 \/ 2025<\/strong><\/p>\n<p>&nbsp;<\/p>\n<p><em><strong>VS Arbesbach:<\/strong><\/em><\/p>\n<p>Klasse 1 und 2: Raphaela Stemmer, Petra Schwarzinger<\/p>\n<p>Klasse 3 und 4: Franziska Schwaiger, Katrin Buxbaum<\/p>\n<p>&nbsp;<\/p>\n<p><em><strong>MS Arbesbach:<\/strong><\/em><\/p>\n<p>Klasse 1: Andrea Jank, Bernadette Winkler<\/p>\n<p>Klasse 2: Katrina Hinterndorfer, Manuela Lechner<\/p>\n<p>Klasse 3: Johanna Auer, Michaela Pfeiffer<\/p>\n<p>Klasse 4: Daniela Bachhofner, Verena Auer<\/p>\n<p>&nbsp;<\/p>\n","protected":false},"excerpt":{"rendered":"<p>Obfrau: Katrina HINTERNDORFER Obfrau Stv.: Johanna AUER Kassier: Andrea RAMETSTEINER Kassier Stv.: Michaela Pfeiffer Kassapr\u00fcfer 1: Regina ANDERST Kassapr\u00fcfer 2: Raphaela STEMMER Schriftf\u00fchrer: Manuela LECHNER Schriftf\u00fchrer Stv.: Katharina HASLINGER &nbsp; Elternvertreter\/innen und Elternstellvertreter\/innen der einzelnen Klassen im Schuljahr 2024 \/ 2025 &nbsp; VS Arbesbach: Klasse 1 und 2: Raphaela Stemmer, Petra Schwarzinger Klasse 3 und [&hellip;]<\/p>\n","protected":false},"author":23,"featured_media":0,"parent":66,"menu_order":0,"comment_status":"closed","ping_status":"closed","template":"","meta":{"footnotes":""},"class_list":["post-2084","page","type-page","status-publish","hentry"],"_links":{"self":[{"href":"https:\/\/nmsarbesbach.ac.at\/wordpress\/wp-json\/wp\/v2\/pages\/2084","targetHints":{"allow":["GET"]}}],"collection":[{"href":"https:\/\/nmsarbesbach.ac.at\/wordpress\/wp-json\/wp\/v2\/pages"}],"about":[{"href":"https:\/\/nmsarbesbach.ac.at\/wordpress\/wp-json\/wp\/v2\/types\/page"}],"author":[{"embeddable":true,"href":"https:\/\/nmsarbesbach.ac.at\/wordpress\/wp-json\/wp\/v2\/users\/23"}],"replies":[{"embeddable":true,"href":"https:\/\/nmsarbesbach.ac.at\/wordpress\/wp-json\/wp\/v2\/comments?post=2084"}],"version-history":[{"count":68,"href":"https:\/\/nmsarbesbach.ac.at\/wordpress\/wp-json\/wp\/v2\/pages\/2084\/revisions"}],"predecessor-version":[{"id":7443,"href":"https:\/\/nmsarbesbach.ac.at\/wordpress\/wp-json\/wp\/v2\/pages\/2084\/revisions\/7443"}],"up":[{"embeddable":true,"href":"https:\/\/nmsarbesbach.ac.at\/wordpress\/wp-json\/wp\/v2\/pages\/66"}],"wp:attachment":[{"href":"https:\/\/nmsarbesbach.ac.at\/wordpress\/wp-json\/wp\/v2\/media?parent=2084"}],"curies":[{"name":"wp","href":"https:\/\/api.w.org\/{rel}","templated":true}]}}