{"id":4022,"date":"2018-05-29T21:37:48","date_gmt":"2018-05-29T19:37:48","guid":{"rendered":"http:\/\/nmsarbesbach.ac.at\/wordpress\/?page_id=4022"},"modified":"2019-12-06T11:30:38","modified_gmt":"2019-12-06T09:30:38","slug":"datenschutz-ev","status":"publish","type":"page","link":"https:\/\/nmsarbesbach.ac.at\/wordpress\/datenschutz-ev\/","title":{"rendered":"Datenschutz-EV"},"content":{"rendered":"<h2>Information des Elternvereins zum Datenschutz<\/h2>\n<p><strong>Am 25. Mai 2018 sind neue datenschutzrechtliche Bestimmungen in Kraft getreten. In diesem Zusammenhang informieren wir Sie als Mitglied- und Veranstaltungsteilnehmer \u00fcber die Verwendung personenbezogener Daten. <\/strong><\/p>\n<p><strong>Ihre Mitgliedschaft im Verein <\/strong><\/p>\n<p>Ihre Mitgliedschaft zu unserem Verein basiert auf den in der Generalversammlung vom 18. Oktober 2013 beschlossenen und von der Bezirkshauptmannschaft Zwettl genehmigten Vereinsstatuten. Diese liegen zur Einsichtnahme auf.<\/p>\n<p>Als Vereinsmitglied besteht zum Elternverein der Volks- und Mittelschule Arbesbach, ZVR-Zahl 397762379, ein <strong>Mitgliedschaftsvertrag<\/strong>.<br \/>\nDie Mitgliedschaft gilt f\u00fcr die Dauer eines Schuljahres; der Austritt aus dem Verein erfolgt automatisch bei Nichtbezahlung des j\u00e4hrlichen Mitgliedsbeitrages.<\/p>\n<p><strong>Ihre personenbezogenen Daten <\/strong><\/p>\n<p>Zur Erf\u00fcllung des Vereinszwecks gem\u00e4\u00df unseren Statuten speichern und verarbeiten wir innerhalb des Vereins die von Ihnen jeweils bekannt gegebenen personenbezogenen Daten elektronisch und manuell. Das sind insbesondere: <strong><em>Vorname und Nachname, Anschrift, Telefonnummer, E-Mail-Adresse, Funktion im Verein.<\/em><\/strong><\/p>\n<p>Von Ihren Kindern werden <strong><em>Name, Schule, Klasse und Kontaktdaten der Erziehungsberechtigten<\/em><\/strong> gespeichert.<\/p>\n<p>\u00dcberdies speichern und verarbeiten wir <strong><em>Fotos und Filmaufnahmen<\/em><\/strong>.<\/p>\n<p>Der Verwendung dieser Daten wurde mit dem Vereinsbeitritt zugestimmt \u2013 diese Zustimmung bleibt in Geltung, sofern keine gegenteilige Mitteilung an den Verein ergeht.<\/p>\n<p><strong>Zwecke der Datenverarbeitung <\/strong><\/p>\n<p>Die Zwecke der Verarbeitung sind: organisatorische Administration und finanzielle Abwicklung, F\u00fchrung der Buchhaltung, Mitgliederverwaltung, Informationen zu Vereinsveranstaltungen, -aktivit\u00e4ten und -aktionen, zu belegten \u00dcbungseinheiten, \u00d6ffentlichkeitsarbeit (Artikeln auf Schulhomepages bzw. Presseartikel).<\/p>\n<p><strong>Bild- und Tonaufnahmen <\/strong><\/p>\n<p>Im Rahmen unserer Vereinsveranstaltungen, -aktivit\u00e4ten k\u00f6nnen Fotografien und\/oder Filme erstellt werden. Diese Aufnahmen werden gespeichert und in verschiedenen Medien (Print, TV, Online) und in Publikationen (Print, Online) zur Berichterstattung und \u00d6ffentlichkeitsarbeit verwendet.<\/p>\n<p><strong>Dauer der Speicherung <\/strong><\/p>\n<p>Ihre Daten werden f\u00fcr die Dauer der Mitgliedschaft gespeichert. F\u00fcr den Fall des Austritts aus dem Verein werden die Daten zur Erf\u00fcllung unserer gesetzlichen Aufbewahrungspflicht jedenfalls f\u00fcr die Dauer von 7 Jahren gespeichert und sodann f\u00fcr die Vereinschronik archiviert.<\/p>\n<p><strong>Rechtsgrundlagen der Verarbeitung <\/strong><\/p>\n<p>Die rechtliche Grundlage f\u00fcr die Verarbeitung Ihrer personenbezogenen Daten besteht aufgrund Ihres Mitgliedschaftsverh\u00e4ltnisses, Ihrer Teilnahme an unseren Veranstaltungen bzw. liegt sonst in unserem berechtigten Interesse gem\u00e4\u00df DSGVO, welches darin besteht die Vereinszwecke gesetzes- und statutenkonform zu erf\u00fcllen.<\/p>\n<p><strong>Ihre Rechte <\/strong><\/p>\n<p>Ihre Rechte im Zusammenhang mit datenschutzrechtlichen Vorschriften erstrecken sich auf Auskunft, Berichtigung, L\u00f6schung, Einschr\u00e4nkung, Daten\u00fcbertragbarkeit und Widerspruch. Weiters besteht das Beschwerderecht bei der Datenschutzbeh\u00f6rde.<\/p>\n<p><strong>F\u00fcr die Verarbeitung verantwortlich<\/strong><\/p>\n<p>Elternverein der Volks und Mittelschulen Arbesbach<\/p>\n","protected":false},"excerpt":{"rendered":"<p>Information des Elternvereins zum Datenschutz Am 25. Mai 2018 sind neue datenschutzrechtliche Bestimmungen in Kraft getreten. In diesem Zusammenhang informieren wir Sie als Mitglied- und Veranstaltungsteilnehmer \u00fcber die Verwendung personenbezogener Daten. Ihre Mitgliedschaft im Verein Ihre Mitgliedschaft zu unserem Verein basiert auf den in der Generalversammlung vom 18. Oktober 2013 beschlossenen und von der Bezirkshauptmannschaft [&hellip;]<\/p>\n","protected":false},"author":23,"featured_media":0,"parent":0,"menu_order":0,"comment_status":"closed","ping_status":"closed","template":"","meta":{"footnotes":""},"class_list":["post-4022","page","type-page","status-publish","hentry"],"_links":{"self":[{"href":"https:\/\/nmsarbesbach.ac.at\/wordpress\/wp-json\/wp\/v2\/pages\/4022","targetHints":{"allow":["GET"]}}],"collection":[{"href":"https:\/\/nmsarbesbach.ac.at\/wordpress\/wp-json\/wp\/v2\/pages"}],"about":[{"href":"https:\/\/nmsarbesbach.ac.at\/wordpress\/wp-json\/wp\/v2\/types\/page"}],"author":[{"embeddable":true,"href":"https:\/\/nmsarbesbach.ac.at\/wordpress\/wp-json\/wp\/v2\/users\/23"}],"replies":[{"embeddable":true,"href":"https:\/\/nmsarbesbach.ac.at\/wordpress\/wp-json\/wp\/v2\/comments?post=4022"}],"version-history":[{"count":10,"href":"https:\/\/nmsarbesbach.ac.at\/wordpress\/wp-json\/wp\/v2\/pages\/4022\/revisions"}],"predecessor-version":[{"id":5048,"href":"https:\/\/nmsarbesbach.ac.at\/wordpress\/wp-json\/wp\/v2\/pages\/4022\/revisions\/5048"}],"wp:attachment":[{"href":"https:\/\/nmsarbesbach.ac.at\/wordpress\/wp-json\/wp\/v2\/media?parent=4022"}],"curies":[{"name":"wp","href":"https:\/\/api.w.org\/{rel}","templated":true}]}}