{"id":55,"date":"2013-08-29T10:45:19","date_gmt":"2013-08-29T08:45:19","guid":{"rendered":"http:\/\/nmsarbesbach.ac.at\/wordpress\/?page_id=55"},"modified":"2022-11-18T10:03:20","modified_gmt":"2022-11-18T08:03:20","slug":"schule","status":"publish","type":"page","link":"https:\/\/nmsarbesbach.ac.at\/wordpress\/schule\/","title":{"rendered":"Schule"},"content":{"rendered":"<p>N\u00d6 Mittelschule Arbesbach<\/p>\n<p>3925 Arbesbach 109<\/p>\n<p>In unsere Mittelschule kommen Sch\u00fcler aus den Gemeinden Altmelon und Arbesbach.<\/p>\n<p>Bei der Arbeit mit den Sch\u00fclern legen wir Wert auf Kultur und Sprache, Lesekompetenz, digitale Kompetenzen, Gesundheit und Sport, Natur und Nachhaltigkeit sowie die Vorbereitung auf das Berufsleben. Durch gezieltes F\u00f6rdern und Fordern soll das Ziel selbst\u00e4ndiges und eigenverantwortliches Lernen erreicht werden.<\/p>\n<p>Nachmittagsbetreuung wird in Zusammenarbeit mit der VS Arbesbach von Montag bis Freitag angeboten.<\/p>\n","protected":false},"excerpt":{"rendered":"<p>N\u00d6 Mittelschule Arbesbach 3925 Arbesbach 109 In unsere Mittelschule kommen Sch\u00fcler aus den Gemeinden Altmelon und Arbesbach. Bei der Arbeit mit den Sch\u00fclern legen wir Wert auf Kultur und Sprache, Lesekompetenz, digitale Kompetenzen, Gesundheit und Sport, Natur und Nachhaltigkeit sowie die Vorbereitung auf das Berufsleben. Durch gezieltes F\u00f6rdern und Fordern soll das Ziel selbst\u00e4ndiges und [&hellip;]<\/p>\n","protected":false},"author":23,"featured_media":0,"parent":0,"menu_order":0,"comment_status":"closed","ping_status":"closed","template":"","meta":{"footnotes":""},"class_list":["post-55","page","type-page","status-publish","hentry"],"_links":{"self":[{"href":"https:\/\/nmsarbesbach.ac.at\/wordpress\/wp-json\/wp\/v2\/pages\/55","targetHints":{"allow":["GET"]}}],"collection":[{"href":"https:\/\/nmsarbesbach.ac.at\/wordpress\/wp-json\/wp\/v2\/pages"}],"about":[{"href":"https:\/\/nmsarbesbach.ac.at\/wordpress\/wp-json\/wp\/v2\/types\/page"}],"author":[{"embeddable":true,"href":"https:\/\/nmsarbesbach.ac.at\/wordpress\/wp-json\/wp\/v2\/users\/23"}],"replies":[{"embeddable":true,"href":"https:\/\/nmsarbesbach.ac.at\/wordpress\/wp-json\/wp\/v2\/comments?post=55"}],"version-history":[{"count":6,"href":"https:\/\/nmsarbesbach.ac.at\/wordpress\/wp-json\/wp\/v2\/pages\/55\/revisions"}],"predecessor-version":[{"id":6458,"href":"https:\/\/nmsarbesbach.ac.at\/wordpress\/wp-json\/wp\/v2\/pages\/55\/revisions\/6458"}],"wp:attachment":[{"href":"https:\/\/nmsarbesbach.ac.at\/wordpress\/wp-json\/wp\/v2\/media?parent=55"}],"curies":[{"name":"wp","href":"https:\/\/api.w.org\/{rel}","templated":true}]}}