{"id":77,"date":"2013-08-29T22:19:59","date_gmt":"2013-08-29T20:19:59","guid":{"rendered":"http:\/\/nmsarbesbach.ac.at\/wordpress\/?page_id=77"},"modified":"2020-11-20T09:52:44","modified_gmt":"2020-11-20T07:52:44","slug":"impressum","status":"publish","type":"page","link":"https:\/\/nmsarbesbach.ac.at\/wordpress\/impressum\/","title":{"rendered":"Impressum"},"content":{"rendered":"<p>F\u00fcr den Inhalt verantwortlich:<\/p>\n<p>Die Leiterin und die LehrerInnen der N\u00d6MS Arbesbach<br \/>\nSchulgasse 109<br \/>\n3925 Arbesbach<\/p>\n<p><strong>Haftungsausschluss<\/strong><\/p>\n<p>Die Inhalte unserer Website wurden mit gr\u00f6\u00dfter Sorgfalt erstellt. F\u00fcr die Richtigkeit, Vollst\u00e4ndigkeit und Aktualit\u00e4t der Inhalte k\u00f6nnen wir jedoch keine Haftung \u00fcbernehmen. Wir \u00fcbernehmen dar\u00fcber hinaus keine Verantwortung f\u00fcr die Inhalte von verlinkten Webseiten.<\/p>\n<p>Bilder und Informationen von Sch\u00fclerInnen, LehrerInnen und Eltern sowie Dritten werden nur nach ausdr\u00fccklicher Zustimmung dieser auf unseren Seiten dargestellt und d\u00fcrfen nur mit Genehmigung kopiert und weiterverwendet werden.<\/p>\n<p><a href=\"https:\/\/bildung.bmbwf.gv.at\/datenschutz\" target=\"_blank\" rel=\"noopener noreferrer\"><strong>Datenschutz<\/strong><\/a><\/p>\n","protected":false},"excerpt":{"rendered":"<p>F\u00fcr den Inhalt verantwortlich: Die Leiterin und die LehrerInnen der N\u00d6MS Arbesbach Schulgasse 109 3925 Arbesbach Haftungsausschluss Die Inhalte unserer Website wurden mit gr\u00f6\u00dfter Sorgfalt erstellt. F\u00fcr die Richtigkeit, Vollst\u00e4ndigkeit und Aktualit\u00e4t der Inhalte k\u00f6nnen wir jedoch keine Haftung \u00fcbernehmen. Wir \u00fcbernehmen dar\u00fcber hinaus keine Verantwortung f\u00fcr die Inhalte von verlinkten Webseiten. Bilder und Informationen [&hellip;]<\/p>\n","protected":false},"author":23,"featured_media":0,"parent":0,"menu_order":0,"comment_status":"closed","ping_status":"closed","template":"","meta":{"footnotes":""},"class_list":["post-77","page","type-page","status-publish","hentry"],"_links":{"self":[{"href":"https:\/\/nmsarbesbach.ac.at\/wordpress\/wp-json\/wp\/v2\/pages\/77","targetHints":{"allow":["GET"]}}],"collection":[{"href":"https:\/\/nmsarbesbach.ac.at\/wordpress\/wp-json\/wp\/v2\/pages"}],"about":[{"href":"https:\/\/nmsarbesbach.ac.at\/wordpress\/wp-json\/wp\/v2\/types\/page"}],"author":[{"embeddable":true,"href":"https:\/\/nmsarbesbach.ac.at\/wordpress\/wp-json\/wp\/v2\/users\/23"}],"replies":[{"embeddable":true,"href":"https:\/\/nmsarbesbach.ac.at\/wordpress\/wp-json\/wp\/v2\/comments?post=77"}],"version-history":[{"count":8,"href":"https:\/\/nmsarbesbach.ac.at\/wordpress\/wp-json\/wp\/v2\/pages\/77\/revisions"}],"predecessor-version":[{"id":5505,"href":"https:\/\/nmsarbesbach.ac.at\/wordpress\/wp-json\/wp\/v2\/pages\/77\/revisions\/5505"}],"wp:attachment":[{"href":"https:\/\/nmsarbesbach.ac.at\/wordpress\/wp-json\/wp\/v2\/media?parent=77"}],"curies":[{"name":"wp","href":"https:\/\/api.w.org\/{rel}","templated":true}]}}